{"id":89,"date":"2023-07-13T14:29:02","date_gmt":"2023-07-13T12:29:02","guid":{"rendered":"https:\/\/marionpolice.press\/?page_id=89"},"modified":"2025-12-02T21:27:58","modified_gmt":"2025-12-02T20:27:58","slug":"presse","status":"publish","type":"page","link":"https:\/\/marionpolice.press\/?page_id=89","title":{"rendered":"Presse"},"content":{"rendered":"\n<p>Je collabore et ai collabor\u00e9 avec diff\u00e9rents titres de presse, du Temps \u00e0 l&#8217;Illustr\u00e9 en passant, plus r\u00e9cemment, par Terre &amp; Nature.<\/p>\n\n\n\n<p><strong>Morceaux choisis &#8211; Le Temps &amp; L&#8217;Illustr\u00e9 magazine. <\/strong><\/p>\n\n\n\n<p>&#8220;Choisis&#8221; car ils refl\u00e8tent les th\u00e8mes qui me tiennent \u00e0 coeur, ou ont \u00e9t\u00e9 l&#8217;occasion de rencontres bouleversantes. Parfois, les deux \u00e0 la fois.<\/p>\n\n\n\n<p><\/p>\n\n\n\n<p>Tous les articles r\u00e9dig\u00e9s pour Le Temps sont list\u00e9s <a href=\"https:\/\/www.letemps.ch\/profil\/marion-police\" data-type=\"URL\" data-id=\"https:\/\/www.letemps.ch\/profil\/marion-police\">ici.<\/a><\/p>\n\n\n\n<figure class=\"wp-block-image size-large is-resized\"><a href=\"file:\/\/\/C:\/Users\/marion.police\/Downloads\/tps_20241026_0_0_37.pdf\"><img loading=\"lazy\" decoding=\"async\" width=\"689\" height=\"1024\" src=\"https:\/\/marionpolice.press\/wp-content\/uploads\/2024\/12\/Capture-decran-62-689x1024.png\" alt=\"\" class=\"wp-image-339\" style=\"width:486px;height:auto\" srcset=\"https:\/\/marionpolice.press\/wp-content\/uploads\/2024\/12\/Capture-decran-62-689x1024.png 689w, https:\/\/marionpolice.press\/wp-content\/uploads\/2024\/12\/Capture-decran-62-202x300.png 202w, https:\/\/marionpolice.press\/wp-content\/uploads\/2024\/12\/Capture-decran-62.png 747w\" sizes=\"auto, (max-width: 689px) 100vw, 689px\" \/><\/a><\/figure>\n\n\n\n<figure class=\"wp-block-image aligncenter size-full is-resized\"><a href=\"http:\/\/marionpolice.press\/wp-content\/uploads\/2023\/07\/ILHP2022_25_0052_0055_ACCOUCHEMENTS_TRAUMA.pdf\"><img loading=\"lazy\" decoding=\"async\" width=\"919\" height=\"457\" src=\"http:\/\/marionpolice.press\/wp-content\/uploads\/2023\/07\/Capture-decran-2023-07-13-a-12.28.52-1.png\" alt=\"\" class=\"wp-image-95\" style=\"width:-209px;height:-103px\" srcset=\"https:\/\/marionpolice.press\/wp-content\/uploads\/2023\/07\/Capture-decran-2023-07-13-a-12.28.52-1.png 919w, https:\/\/marionpolice.press\/wp-content\/uploads\/2023\/07\/Capture-decran-2023-07-13-a-12.28.52-1-300x149.png 300w, https:\/\/marionpolice.press\/wp-content\/uploads\/2023\/07\/Capture-decran-2023-07-13-a-12.28.52-1-768x382.png 768w\" sizes=\"auto, (max-width: 919px) 100vw, 919px\" \/><\/a><figcaption class=\"wp-element-caption\">Enqu\u00eate sur les accouchements traumatiques pour l&#8217;Illustr\u00e9 magazine, 23.06.2022<\/figcaption><\/figure>\n\n\n\n<figure class=\"wp-block-image aligncenter size-full is-resized\"><img loading=\"lazy\" decoding=\"async\" width=\"373\" height=\"326\" src=\"https:\/\/marionpolice.press\/wp-content\/uploads\/2023\/07\/Capture-decran-2023-07-13-a-14.09.07.png\" alt=\"\" class=\"wp-image-106\" style=\"width:429px;height:375px\" srcset=\"https:\/\/marionpolice.press\/wp-content\/uploads\/2023\/07\/Capture-decran-2023-07-13-a-14.09.07.png 373w, https:\/\/marionpolice.press\/wp-content\/uploads\/2023\/07\/Capture-decran-2023-07-13-a-14.09.07-300x262.png 300w\" sizes=\"auto, (max-width: 373px) 100vw, 373px\" \/><figcaption class=\"wp-element-caption\">Les hommes et les greffes de cheveux pr\u00e9coces &#8211; Le Temps, 25.06.2023<\/figcaption><\/figure>\n\n\n\n<figure class=\"wp-block-image aligncenter size-full is-resized\"><a href=\"https:\/\/marionpolice.press\/wp-content\/uploads\/2023\/07\/LeTemps-M.Gerber.pdf\"><img loading=\"lazy\" decoding=\"async\" width=\"516\" height=\"554\" src=\"https:\/\/marionpolice.press\/wp-content\/uploads\/2023\/07\/Capture-decran-2023-07-13-a-14.10.41.png\" alt=\"\" class=\"wp-image-107\" style=\"width:438px;height:470px\" srcset=\"https:\/\/marionpolice.press\/wp-content\/uploads\/2023\/07\/Capture-decran-2023-07-13-a-14.10.41.png 516w, https:\/\/marionpolice.press\/wp-content\/uploads\/2023\/07\/Capture-decran-2023-07-13-a-14.10.41-279x300.png 279w\" sizes=\"auto, (max-width: 516px) 100vw, 516px\" \/><\/a><figcaption class=\"wp-element-caption\">Portrait de Martine Gerber, \u00e9leveuse et fileuse, Le Temps du 27.04.2021<\/figcaption><\/figure>\n\n\n\n<figure class=\"wp-block-image aligncenter size-full is-resized\"><a href=\"http:\/\/marionpolice.press\/wp-content\/uploads\/2023\/07\/boutdumondepage.pdf\"><img loading=\"lazy\" decoding=\"async\" width=\"496\" height=\"588\" src=\"https:\/\/marionpolice.press\/wp-content\/uploads\/2023\/07\/Capture-decran-2023-07-13-a-13.33.38.png\" alt=\"\" class=\"wp-image-103\" style=\"width:435px;height:516px\" srcset=\"https:\/\/marionpolice.press\/wp-content\/uploads\/2023\/07\/Capture-decran-2023-07-13-a-13.33.38.png 496w, https:\/\/marionpolice.press\/wp-content\/uploads\/2023\/07\/Capture-decran-2023-07-13-a-13.33.38-253x300.png 253w\" sizes=\"auto, (max-width: 496px) 100vw, 496px\" \/><\/a><figcaption class=\"wp-element-caption\">R\u00e9ouverture d&#8217;un caf\u00e9 de quartier, 24.04.2021, Le Temps<\/figcaption><\/figure>\n\n\n\n<figure class=\"wp-block-image aligncenter size-full is-resized\"><a href=\"https:\/\/www.letemps.ch\/societe\/egalite\/harcelement-sexuel-une-omerta-policiere\"><img loading=\"lazy\" decoding=\"async\" width=\"667\" height=\"538\" src=\"https:\/\/marionpolice.press\/wp-content\/uploads\/2023\/07\/Capture-decran-2023-07-13-a-14.05.40.png\" alt=\"\" class=\"wp-image-104\" style=\"width:439px;height:354px\" srcset=\"https:\/\/marionpolice.press\/wp-content\/uploads\/2023\/07\/Capture-decran-2023-07-13-a-14.05.40.png 667w, https:\/\/marionpolice.press\/wp-content\/uploads\/2023\/07\/Capture-decran-2023-07-13-a-14.05.40-300x242.png 300w\" sizes=\"auto, (max-width: 667px) 100vw, 667px\" \/><\/a><figcaption class=\"wp-element-caption\">Enqu\u00eate au long cours sur le harc\u00e8lement sexuel des polici\u00e8res romandes. Le Temps, 04.10.2020<\/figcaption><\/figure>\n\n\n\n<figure class=\"wp-block-image aligncenter size-full\"><a href=\"https:\/\/marionpolice.press\/wp-content\/uploads\/2023\/07\/LeTemps-appareiljetable.pdf\"><img loading=\"lazy\" decoding=\"async\" width=\"435\" height=\"554\" src=\"https:\/\/marionpolice.press\/wp-content\/uploads\/2023\/07\/Capture-decran-2023-07-13-a-14.13.17.png\" alt=\"\" class=\"wp-image-109\" srcset=\"https:\/\/marionpolice.press\/wp-content\/uploads\/2023\/07\/Capture-decran-2023-07-13-a-14.13.17.png 435w, https:\/\/marionpolice.press\/wp-content\/uploads\/2023\/07\/Capture-decran-2023-07-13-a-14.13.17-236x300.png 236w\" sizes=\"auto, (max-width: 435px) 100vw, 435px\" \/><\/a><figcaption class=\"wp-element-caption\">Le Temps, 28.08.2022<\/figcaption><\/figure>\n\n\n\n<figure class=\"wp-block-image aligncenter size-full is-resized\"><a href=\"https:\/\/marionpolice.press\/wp-content\/uploads\/2023\/07\/LeTemps-pdfplaisir.pdf\"><img loading=\"lazy\" decoding=\"async\" width=\"525\" height=\"467\" src=\"https:\/\/marionpolice.press\/wp-content\/uploads\/2023\/07\/Capture-decran-2023-07-13-a-14.15.52.png\" alt=\"\" class=\"wp-image-110\" style=\"width:431px;height:383px\" srcset=\"https:\/\/marionpolice.press\/wp-content\/uploads\/2023\/07\/Capture-decran-2023-07-13-a-14.15.52.png 525w, https:\/\/marionpolice.press\/wp-content\/uploads\/2023\/07\/Capture-decran-2023-07-13-a-14.15.52-300x267.png 300w\" sizes=\"auto, (max-width: 525px) 100vw, 525px\" \/><\/a><figcaption class=\"wp-element-caption\">Le Temps, 11.01.2020<\/figcaption><\/figure>\n","protected":false},"excerpt":{"rendered":"<p>Je collabore et ai collabor\u00e9 avec diff\u00e9rents titres de presse, du Temps \u00e0 l&#8217;Illustr\u00e9 en passant, plus r\u00e9cemment, par Terre &amp; Nature. Morceaux choisis &#8211; Le Temps &amp; L&#8217;Illustr\u00e9 magazine. &#8220;Choisis&#8221; car ils refl\u00e8tent les th\u00e8mes qui me tiennent \u00e0 coeur, ou ont \u00e9t\u00e9 l&#8217;occasion de rencontres bouleversantes. Parfois, les deux \u00e0 la fois. Tous [&hellip;]<\/p>\n","protected":false},"author":1,"featured_media":0,"parent":0,"menu_order":0,"comment_status":"closed","ping_status":"closed","template":"","meta":{"footnotes":""},"class_list":["post-89","page","type-page","status-publish","hentry"],"_links":{"self":[{"href":"https:\/\/marionpolice.press\/index.php?rest_route=\/wp\/v2\/pages\/89","targetHints":{"allow":["GET"]}}],"collection":[{"href":"https:\/\/marionpolice.press\/index.php?rest_route=\/wp\/v2\/pages"}],"about":[{"href":"https:\/\/marionpolice.press\/index.php?rest_route=\/wp\/v2\/types\/page"}],"author":[{"embeddable":true,"href":"https:\/\/marionpolice.press\/index.php?rest_route=\/wp\/v2\/users\/1"}],"replies":[{"embeddable":true,"href":"https:\/\/marionpolice.press\/index.php?rest_route=%2Fwp%2Fv2%2Fcomments&post=89"}],"version-history":[{"count":12,"href":"https:\/\/marionpolice.press\/index.php?rest_route=\/wp\/v2\/pages\/89\/revisions"}],"predecessor-version":[{"id":441,"href":"https:\/\/marionpolice.press\/index.php?rest_route=\/wp\/v2\/pages\/89\/revisions\/441"}],"wp:attachment":[{"href":"https:\/\/marionpolice.press\/index.php?rest_route=%2Fwp%2Fv2%2Fmedia&parent=89"}],"curies":[{"name":"wp","href":"https:\/\/api.w.org\/{rel}","templated":true}]}}