{"id":389,"date":"2024-12-13T11:09:38","date_gmt":"2024-12-13T10:09:38","guid":{"rendered":"https:\/\/marionpolice.press\/?page_id=389"},"modified":"2025-01-09T11:54:34","modified_gmt":"2025-01-09T10:54:34","slug":"notes-en-rail","status":"publish","type":"page","link":"https:\/\/marionpolice.press\/?page_id=389","title":{"rendered":"Notes en rail"},"content":{"rendered":"\n<hr class=\"wp-block-separator has-alpha-channel-opacity\"\/>\n\n\n\n<p>Bribes d&#8217;ici et d&#8217;ailleurs, observations au fil du train, gribouillis de mots dans un coin de l&#8217;application &#8220;notes&#8221;.<\/p>\n\n\n\n<hr class=\"wp-block-separator has-alpha-channel-opacity\"\/>\n\n\n\n<p class=\"has-text-align-center\">30.01.2025<\/p>\n\n\n\n<p class=\"has-text-align-center\">Campagne endormie<br>Tremp\u00e9e dans le givre<br>Les arbres sont<br>Comme des vieilles gens<br>Au bras noueux<br>Fig\u00e9s<\/p>\n\n\n\n<p class=\"has-text-align-center\">Tout est fig\u00e9<br>Sauf la cloche<br>Que l&#8217;on entend<br>Mais que l&#8217;on ne voit bouger<\/p>\n\n\n\n<p class=\"has-text-align-center\">Fulgurant souvenir<br>De petites ganaches<br>Alcoolis\u00e9es<br>Dans leur cocon<br>H\u00e9riss\u00e9<\/p>\n\n\n\n<p class=\"has-text-align-center\">Leur paquet d&#8217;or<br>Luit<br>Sous la glace du salon<br>Et sous la langue <br>Elles fondent<br>Piquent<br><br>Je m&#8217;en vais retrouver<br>Celles et ceux qui les mordaient<br>Sans savoir <br>Que c&#8217;\u00e9tait la derni\u00e8re fois<\/p>\n\n\n\n<hr class=\"wp-block-separator has-alpha-channel-opacity\"\/>\n\n\n\n<div class=\"wp-block-columns are-vertically-aligned-top is-layout-flex wp-container-core-columns-is-layout-28f84493 wp-block-columns-is-layout-flex\">\n<div class=\"wp-block-column is-vertically-aligned-top is-style-section-4 is-layout-flow wp-block-column-is-layout-flow is-style-section-4--1\" style=\"flex-basis:100%\">\n<pre class=\"wp-block-verse has-text-align-center\"><strong>24.04.2024<\/strong><br><br>Elle tr\u00f4ne<br>Fi\u00e8rement d\u00e9catie<br>Comme une vieille dame<br>Au croisement de deux rivi\u00e8res<br>Ses volets rid\u00e9s<br>Sont encore verts<br>Et les balcons penchent comme s'ils cherchaient \u00e0 voir<br>L'oiseau cach\u00e9 sous le pommier<br>Le renard assoupi<br>Entre la t\u00f4le, l'enclume, les outils<br><br>Elle a faim, elle a froid la maison<br>On a retir\u00e9 de son ventre<br>Les souvenirs fich\u00e9s aux murs<br>Derri\u00e8re les portes<br>Sous le carrelage<br>Entre les rideaux<br>Elle r\u00e9sonne de vie<br>Mais elle est pleine de vos fant\u00f4mes<br><br>Assis sur le bahut<br>Les visage dans la dentelle <br>Vous devisez au balcon<br>Escaladez jusqu'au galetas<br>Riez dans l'atelier<br><br>Alors la maison sourit<br>Elle vous a vus, vous a sentis<br>Et cela suffit<br>A la r\u00e9chauffer<\/pre>\n<\/div>\n<\/div>\n\n\n\n<hr class=\"wp-block-separator has-alpha-channel-opacity\"\/>\n\n\n\n<pre class=\"wp-block-verse has-text-align-center\"><strong>03.02.2024<\/strong><br><br>Est-ce la brouette que j\u2019aime pousser, ou l\u2019image de moi en train de la pousser&nbsp;?<br><\/pre>\n\n\n\n<hr class=\"wp-block-separator has-alpha-channel-opacity\"\/>\n\n\n\n<div class=\"wp-block-columns is-style-section-2 is-layout-flex wp-container-core-columns-is-layout-28f84493 wp-block-columns-is-layout-flex is-style-section-2--2\">\n<div class=\"wp-block-column is-layout-flow wp-block-column-is-layout-flow\" style=\"flex-basis:100%\">\n<pre class=\"wp-block-verse has-text-align-center\"><strong>15.10.2023<\/strong><br>J\u2019\u00e9carte les brindilles, les lianes mortes qui tapissent le font de mon ventre. Je suis perdue dans les crissements et l\u2019humus, ici battent des pouls semblables au mien et pourtant, si diff\u00e9rents. Je traverse ces fourr\u00e9s de moi-m\u00eame et je ne m\u2019y trouve pas. O\u00f9 suis-je pass\u00e9e&nbsp;? Il y a du roux, de l\u2019ivoire, du cendr\u00e9, du bleu marine et du tr\u00e8s noir, mais rien ne forme un ensemble coh\u00e9rent. Je me froisse, m\u2019allonge et me d\u00e9plie\u2026 Tout est sans dessus-dessous. Il y a des voix, des souffles, murmures de feuilles connues que j\u2019aimerais entendre encore. L\u2019automne en moi cherche le printemps des amiti\u00e9s, mais ne per\u00e7oit que des odeurs teint\u00e9es de n\u00e9gligence. Pourquoi la nostalgie chante-t-elle si juste parmi les arbres&nbsp;?<br><\/pre>\n<\/div>\n<\/div>\n\n\n\n<hr class=\"wp-block-separator has-alpha-channel-opacity\"\/>\n\n\n\n<div class=\"wp-block-columns is-style-section-1 is-layout-flex wp-container-core-columns-is-layout-28f84493 wp-block-columns-is-layout-flex is-style-section-1--3\">\n<div class=\"wp-block-column is-layout-flow wp-block-column-is-layout-flow\" style=\"flex-basis:100%\">\n<pre class=\"wp-block-verse has-text-align-center\"><strong>21.01.2023<\/strong><br>La nuit me coule dessus<br>Elle rend possible ces visions<br>Un homme assis<br>Blafard<br>Sous une enseigne de Poissonnerie<br>Des arr\u00eates de n\u00e9ons<br>Les bistrots indiens, turques<br>O\u00f9 le vin stagne dans les verres<br>Les paupi\u00e8res qui glissent<br>Les bouches qui se cousent<br>Il est temps de rentrer mais <br>Je ne veux pas<br>J\u2019ai d\u00e9cid\u00e9<br>Qu\u2019il n\u2019est pas encore l\u2019heure<br>De craindre.<br><\/pre>\n<\/div>\n<\/div>\n\n\n\n<hr class=\"wp-block-separator has-alpha-channel-opacity\"\/>\n\n\n\n<div class=\"wp-block-columns is-style-section-3 is-layout-flex wp-container-core-columns-is-layout-28f84493 wp-block-columns-is-layout-flex is-style-section-3--4\">\n<div class=\"wp-block-column is-layout-flow wp-block-column-is-layout-flow\" style=\"flex-basis:100%\">\n<pre class=\"wp-block-verse has-text-align-center\"><strong>24.12.2022<\/strong><br><br>J\u2019ai les rues obscures pour moi <br>Rien que pour moi<br>Et les travailleurs du froid.<br>Ils tirent lourdement leurs poubelles<br>Extirp\u00e9es du ventre d\u2019un camion<br>Une tache de lumi\u00e8re chaude<br>Sur laquelle se d\u00e9coupe une silhouette<br>Ce soir, que mangera-t-il&nbsp;?<br><br>Je vois le ballet r\u00e9duit des voitures<br>Sous les guirlandes agripp\u00e9es au ciel<br>Je sens le pain en fin de cuisson<br>Dont les vapeurs feront sans doute<br>Vrombir l\u2019estomac <br>De cet homme au large bonnet enfonc\u00e9<br>Qui pousse des chariots de bouteilles<br>Ce soir, que chantera-t-il&nbsp;?<br><br>Ce sont des visages que je discerne<br>Mais ne vois pas<br>Et pourtant, je les regarde<br><br>La nuit n\u2019a pas encore retir\u00e9 sa prise<br>Mais le froid, oui<br>Comme un petit pr\u00e9sent<br>Si insignifiant et pourtant si tangible<br>Ce soir, que diront-ils&nbsp;?<br><br>Dans quelques heures ils seront<br>Tous \u00e0 d\u2019autres ouvrages<br>Et dans ces m\u00eames rues<br>O\u00f9 s\u2019inscrit le silence de leurs pas <br>D\u2019autres s\u2019empresseront de passer<br>Comme moi<br><\/pre>\n<\/div>\n<\/div>\n\n\n\n<hr class=\"wp-block-separator has-alpha-channel-opacity\"\/>\n\n\n\n<div class=\"wp-block-columns is-layout-flex wp-container-core-columns-is-layout-28f84493 wp-block-columns-is-layout-flex\">\n<div class=\"wp-block-column is-layout-flow wp-block-column-is-layout-flow\" style=\"flex-basis:100%\">\n<pre class=\"wp-block-verse has-text-align-center\">30.03 2019<br><br>Devant le fourgon blanc<br>Sous la tonnelle, elle frissonne<br>Bas noirs, chaussures \u00e0 talon et doudoune d\u2019argent<br>Comme ses m\u00e8ches tir\u00e9es, recourb\u00e9es en chignon<br>Une cascade m\u00e9tallique<br>Son visage mat sourit.<br><br>Sur les tables, les montres scintillent<br>Et les violons se taisent<br><br>Derri\u00e8re le fourgon blanc<br>Il prom\u00e8ne sa graisse et son chien<br>Avec une nonchalance fi\u00e8re<br>Eternelles lunettes de soleil, chapeau \u00e0 larges bords<br>Les traits las, la peau burin\u00e9e<br>Il engueule l\u2019animal dans sa langue<br><br>L\u2019attente, la n\u00e9goce, l\u2019expertise<br>Chaque samedi cette m\u00e9lodie<br><br>Devant, derri\u00e8re le fourgon<br>Se jouent les prix<br><br>Dont, peut-\u00eatre, celui de la libert\u00e9.<br><\/pre>\n<\/div>\n<\/div>\n\n\n\n<hr class=\"wp-block-separator has-alpha-channel-opacity\"\/>\n","protected":false},"excerpt":{"rendered":"<p>Bribes d&#8217;ici et d&#8217;ailleurs, observations au fil du train, gribouillis de mots dans un coin de l&#8217;application &#8220;notes&#8221;. 30.01.2025 Campagne endormieTremp\u00e9e dans le givreLes arbres sontComme des vieilles gensAu bras noueuxFig\u00e9s Tout est fig\u00e9Sauf la clocheQue l&#8217;on entendMais que l&#8217;on ne voit bouger Fulgurant souvenirDe petites ganachesAlcoolis\u00e9esDans leur coconH\u00e9riss\u00e9 Leur paquet d&#8217;orLuitSous la glace du [&hellip;]<\/p>\n","protected":false},"author":1,"featured_media":0,"parent":0,"menu_order":0,"comment_status":"closed","ping_status":"closed","template":"","meta":{"footnotes":""},"class_list":["post-389","page","type-page","status-publish","hentry"],"_links":{"self":[{"href":"https:\/\/marionpolice.press\/index.php?rest_route=\/wp\/v2\/pages\/389","targetHints":{"allow":["GET"]}}],"collection":[{"href":"https:\/\/marionpolice.press\/index.php?rest_route=\/wp\/v2\/pages"}],"about":[{"href":"https:\/\/marionpolice.press\/index.php?rest_route=\/wp\/v2\/types\/page"}],"author":[{"embeddable":true,"href":"https:\/\/marionpolice.press\/index.php?rest_route=\/wp\/v2\/users\/1"}],"replies":[{"embeddable":true,"href":"https:\/\/marionpolice.press\/index.php?rest_route=%2Fwp%2Fv2%2Fcomments&post=389"}],"version-history":[{"count":12,"href":"https:\/\/marionpolice.press\/index.php?rest_route=\/wp\/v2\/pages\/389\/revisions"}],"predecessor-version":[{"id":430,"href":"https:\/\/marionpolice.press\/index.php?rest_route=\/wp\/v2\/pages\/389\/revisions\/430"}],"wp:attachment":[{"href":"https:\/\/marionpolice.press\/index.php?rest_route=%2Fwp%2Fv2%2Fmedia&parent=389"}],"curies":[{"name":"wp","href":"https:\/\/api.w.org\/{rel}","templated":true}]}}