{"id":354,"date":"2024-12-12T16:27:43","date_gmt":"2024-12-12T15:27:43","guid":{"rendered":"https:\/\/marionpolice.press\/?page_id=354"},"modified":"2024-12-13T15:07:29","modified_gmt":"2024-12-13T14:07:29","slug":"journalc-de-cheval","status":"publish","type":"page","link":"https:\/\/marionpolice.press\/?page_id=354","title":{"rendered":"Journal de cheval"},"content":{"rendered":"\n<hr class=\"wp-block-separator has-alpha-channel-opacity\"\/>\n\n\n\n<h2 class=\"wp-block-heading\">1. <\/h2>\n\n\n\n<p>Elle attend, oreilles tendues vers la porte entrouverte, sa t\u00eate fine par-dessus l\u2019\u00e9paisse barri\u00e8re m\u00e9tallique. Elle a cet air \u00e9trange, entre deux \u00e2ges. Il ouvre la barri\u00e8re, elle recule, ne se laisse pas approcher tout de suite. Il faut lui permettre d\u2019humer le corps, ce qu\u2019elle fait d\u00e9licatement, du bout des l\u00e8vres. M\u00e9fiante. Il faut l\u2019aborder comme un chat, ne rien demander, rien exiger, juste se tenir l\u00e0. Attendre. Attendre que la curiosit\u00e9 l\u2019emporte. Il peut enfin laisser courir sa main sur l\u2019encolure noire mais elle garde le cou relev\u00e9, un oeil riv\u00e9 sur lui, aussi doux qu\u2019\u00e9tonn\u00e9. Elle n\u2019est pas d\u2019un noir \u00e9b\u00e8ne, c\u2019est un noir de sable, celui qui dort au pied des volcans et se teinte parfois de rouge \u00e0 force de souffrir le soleil.<\/p>\n\n\n\n<p>Je m\u2019approche, elle me toise, se d\u00e9tourne. Pour elle, je ne suis qu\u2019une humaine de plus.<\/p>\n\n\n\n<p>Si elle savait ce qui se joue l\u00e0, \u00e0 cet instant pr\u00e9cis. Il est&nbsp;\u00e9trange cet ab\u00eeme entre nous. Pour l\u2019heure, elle est si jeune, elle est une proie \u2013 un animal de fuite qui , \u00e0 renforts de douceur, de patience et de nourriture se laisse toucher. Un geste inopportun, une voix \u00e0 peine trop forte, un rien peut tout casser.<\/p>\n\n\n\n<p>Cet ab\u00eeme, il n\u2019y a que moi qui souhaite le combler. Pour le moment, j\u2019esp\u00e8re.<\/p>\n\n\n\n<p>Mais petit \u00e0 petit, je gagne en int\u00e9r\u00eat. Ma veste, mon capuchon, pr\u00e9sentent autant d\u2019odeurs nouvelles que de bruits intrigants. A mon tour, je sens le souffle l\u00e9ger sur ma paume, les vibrisses. A mon tour, je vois l\u2019oeil inquiet, \u00e0 mesure que je caresse du bout des doigts. Je cesse, elle me cherche. Je recommence, elle s\u2019en va.<\/p>\n\n\n\n<p><em>\u00ab&nbsp;Qu\u2019est-ce que signifie \u00abapprivoiser\u00bb? C\u2019 est une chose trop oubli\u00e9e, dit le renard. \u00c7a signifie \u00abcr\u00e9er des liens\u2026\u00bb.&nbsp;\u00bb<\/em><\/p>\n\n\n\n<p><em>\u00ab&nbsp;Apprivoise-moi ! Que faut-il faire ? dit le petit prince. Il faut \u00eatre tr\u00e8s patient, r\u00e9pondit le renard. Tu t\u2019assoiras d\u2019abord un peu loin de moi, comme \u00e7a, dans l\u2019herbe. Je te regarderai du coin de l\u2019\u0153il et tu ne diras rien. Le langage est source de malentendus.&nbsp;\u00bb<\/em><\/p>\n\n\n\n<p><strong><em>Le Petit Prince, <\/em>Antoine de St-Exup\u00e9ry.<\/strong><\/p>\n\n\n\n<figure class=\"wp-block-image size-large\"><img loading=\"lazy\" decoding=\"async\" width=\"1024\" height=\"684\" src=\"http:\/\/marionpolice.press\/wp-content\/uploads\/2024\/12\/unnamed-1024x684.jpg\" alt=\"\" class=\"wp-image-347\" srcset=\"https:\/\/marionpolice.press\/wp-content\/uploads\/2024\/12\/unnamed-1024x684.jpg 1024w, https:\/\/marionpolice.press\/wp-content\/uploads\/2024\/12\/unnamed-300x200.jpg 300w, https:\/\/marionpolice.press\/wp-content\/uploads\/2024\/12\/unnamed-768x513.jpg 768w, https:\/\/marionpolice.press\/wp-content\/uploads\/2024\/12\/unnamed-1536x1027.jpg 1536w, https:\/\/marionpolice.press\/wp-content\/uploads\/2024\/12\/unnamed.jpg 1616w\" sizes=\"auto, (max-width: 1024px) 100vw, 1024px\" \/><\/figure>\n\n\n\n<hr class=\"wp-block-separator has-alpha-channel-opacity\"\/>\n\n\n\n<h2 class=\"wp-block-heading\">2.<\/h2>\n\n\n\n<p>Ce journal aurait tout aussi bien pu se nommer <em>Journal d&#8217;une future propri\u00e9taire<\/em> sauf qu&#8217;entre-temps, j&#8217;ai sign\u00e9 deux feuilles blanches et \u00e7a y est, mon statut a chang\u00e9.<\/p>\n\n\n\n<p>Et je ne le r\u00e9alise toujours pas.<\/p>\n\n\n\n<p>Apr\u00e8s tout, l&#8217;objet de d\u00e9sir, la raison de tant de nuits raccourcies, est encore trop jeune pour se trouver pr\u00e8s de moi &#8211; (<em>ah et puis, oups, je vais aussi partir marcher plusieurs mois<\/em>&#8230; !).  Je vis donc ces premiers temps de &#8220;propri\u00e9t\u00e9&#8221; \u00e0 distance. Ou devrais-je dire, \u00e0 <em>grande<\/em> distance, puisque Sombra s&#8217;\u00e9broue actuellement dans de vastes prairies angevines, \u00e0 quelques 800 kilom\u00e8tres de la  Suisse.<\/p>\n\n\n\n<p>J&#8217;ai eu la chance de <em>rencontrer<\/em> ma future compagne de cavalcades (encore que je ne l&#8217;ai pas choisie au d\u00e9part&#8230; j&#8217;y reviendrai). Mais \u00e0 force de voir d\u00e9filer les groupes Facebook d\u00e9di\u00e9s \u00e0 la vente de chevaux et autres plateformes web d&#8217;\u00e9levages \u00e9quins, je m&#8217;interroge sur la capacit\u00e9 de certaines personnes \u00e0 acheter un cheval (aka <strong>le plus gros investissement de TOUTE MA VIE<\/strong>) sur photo. Un clic. Comme \u00e7a. <\/p>\n\n\n\n<p>Un pull sur Zalando.<\/p>\n\n\n\n<p>(Et oui, c&#8217;est courant)<\/p>\n\n\n\n<p>N&#8217;est-ce pas d\u00e9rangeant de choisir un animal, un \u00eatre vivant comme une fringue dans un catalogue? De l&#8217;\u00e9tudier sous toutes les coutures avant m\u00eame de l\u2019avoir vu bouger, de l\u2019avoir senti, touch\u00e9? Ne pas s&#8217;\u00e9tonner, alors, de savoir que beaucoup revendent la cr\u00e9ature en question apr\u00e8s quelques ann\u00e9es. <strong>Le cheval (ou le chien, le chat, le hamster&#8230;) \u2013 serait-il un bien de consommation comme un autre?<\/strong><\/p>\n\n\n\n<p>Cette id\u00e9e m&#8217;est absolument inconfortable. Quelque chose l\u00e0-dedans, je ne sais pas quoi, titille une fronti\u00e8re entre la vie et la mort.<\/p>\n\n\n\n<p>Le cheval a un prix fix\u00e9 en fonction de sa g\u00e9n\u00e9alogie, parfois de son palmar\u00e8s, et de son niveau d&#8217;\u00e9ducation. Dans le cas d&#8217;une race pure, ses caract\u00e9ristiques physiques doivent correspondre \u00e0 un \u201cstudbook\u201d. L\u2019arbre g\u00e9n\u00e9alogique peut donner un aper\u00e7u plus ou moins vague du futur caract\u00e8re, des futures qualit\u00e9s. Entendez: du potentiel de m\u00e9dailles. C\u2019est-\u00e0-dire qu\u2019on parie d\u00e9j\u00e0 sur l\u2019argent. Et puis, de l\u2019autre c\u00f4t\u00e9, par-del\u00e0 une fronti\u00e8re symbolique, la plupart des acheteur.euses (comme moi) se fient \u00e0 <strong>un coup de coeur<\/strong>, un coup de foudre auquel elles peuvent renoncer en cas de mauvais bilan v\u00e9t\u00e9rinaire.<\/p>\n\n\n\n<p>Parce que oui, on veut bien acheter un cheval fonctionnel, mais pas risquer la banqueroute avec un animal qui pr\u00e9sente trop de faiblesses. Ou trop de risques.<\/p>\n\n\n\n<p>Cela signifie qu&#8217;avant d&#8217;acqu\u00e9rir un compagnon &#8211; puisqu&#8217;on ne le conna\u00eet pas encore &#8211; on ach\u00e8te un objet. Et si possible, un objet joli, \u00e9l\u00e9gant et gentil fa\u00e7onn\u00e9 en fonction de l&#8217;utilisation que l&#8217;on projette sur lui. On s&#8217;offre un objet qui servira \u00e0 nous divertir, \u00e9ventuellement \u00e0 combler nos besoins \u00e9motionnels et plus rarement, \u00e0 travailler avec nous.<\/p>\n\n\n\n<p>Sauf qu&#8217;il est <strong>vivant<\/strong> et que, comme tout \u00eatre dot\u00e9 de vaisseaux sanguins, d&#8217;un coeur, de poumons et d&#8217;\u00e9motions, il est susceptible de ne pas tout \u00e0 fait correspondre \u00e0 la notice. <\/p>\n\n\n\n<p>Alors, je ne sais pas qui sont ces acheteur.euses compulsives, mais je crains qu&#8217;elles ne soient qu&#8217;un sympt\u00f4me d&#8217;une soci\u00e9t\u00e9 malade. Malade d&#8217;avoir perdu le lien avec d&#8217;autres esp\u00e8ces que l&#8217;\u00eatre humain, malade d&#8217;un manque d&#8217;apprentissage de l&#8217;empathie, malade au point de zapper pourquoi les chevaux (et autres animaux domestiques) sont toujours \u00e0 ses c\u00f4t\u00e9s. <\/p>\n\n\n\n<p><strong>(Ecoutez \u00e0 ce <a href=\"https:\/\/www.arteradio.com\/son\/61692550\/l_amour_wouf\">propos ce merveilleux \u00e9pisode<\/a> d&#8217;un podcast d&#8217;Arte Radio &#8220;Vivons heureux avant la fin du monde &#8211; L&#8217;Amour Wouf&#8221;). <\/strong><\/p>\n\n\n\n<p>Les marchands de chevaux, aussi  bien que les gros \u00e9levages, participent \u00e0 cet \u00e9lan insens\u00e9. Il est de notori\u00e9t\u00e9 officieuse dans le milieu \u00e9questre que certaines grosses structures &#8220;productrices&#8221; d&#8217;\u00e9quid\u00e9s sont parfois r\u00e9duites \u00e0 envoyer \u00e0 la boucherie <strong>la &#8220;marchandise&#8221; qui ne correspond pas aux normes. <\/strong>D\u00e9fauts physiques ou mentaux&#8230; Des poulains qui ne feraient pas la fiert\u00e9 de leurs naisseurs et seraient difficilement vendus. Des produits mal qualibr\u00e9s.<\/p>\n\n\n\n<p>Tout  est une question de vocabulaire.<\/p>\n\n\n\n<p>Mais apr\u00e8s tout, ne serais-je pas un peu malade, moi aussi? J&#8217;ai bien fait enfler mon cerveau durant plusieurs semaines \u00e0 force de comparer les diff\u00e9rents poulains que l&#8217;on m&#8217;avait pr\u00e9sent\u00e9s. J&#8217;ai, moi aussi, cherch\u00e9 \u00e0 percevoir si le futur d\u00e9veloppement physique de ma pouliche serait harmonieux. Des membres droits, une croupe puissante, un dos fort, un rein tenu. J&#8217;ai, moi aussi, souri en constatant le feu qui l&#8217;animait autant que sa capacit\u00e9 d&#8217;analyse face aux possibles dangers. <strong>J&#8217;ai traqu\u00e9 les signes d&#8217;un avenir heureux. <\/strong>S\u00e9curisant. Confortable Je ne suis donc peut-\u00eatre pas meilleure qu&#8217;une autre.<\/p>\n\n\n\n<p>Tout ce que je peux faire de plus, c&#8217;est, jour apr\u00e8s jour, m&#8217;informer et  me questionner. Me battre contre l&#8217;id\u00e9e que ce cheval sera l\u00e0 pour mon plaisir, au d\u00e9triment de son individualit\u00e9. Travailler sans rel\u00e2che \u00e0 lui offrir les meilleures conditions de vie possible, \u00e0 l&#8217;observer, \u00e0 la comprendre.<\/p>\n\n\n\n<p>Avec l&#8217;espoir que Sombra, elle, voudra bien<strong> m&#8217;apprivoiser.<\/strong><\/p>\n\n\n\n<hr class=\"wp-block-separator has-alpha-channel-opacity\"\/>\n\n\n\n<h2 class=\"wp-block-heading\"><\/h2>\n\n\n\n<p> <\/p>\n","protected":false},"excerpt":{"rendered":"<p>1. Elle attend, oreilles tendues vers la porte entrouverte, sa t\u00eate fine par-dessus l\u2019\u00e9paisse barri\u00e8re m\u00e9tallique. Elle a cet air \u00e9trange, entre deux \u00e2ges. Il ouvre la barri\u00e8re, elle recule, ne se laisse pas approcher tout de suite. Il faut lui permettre d\u2019humer le corps, ce qu\u2019elle fait d\u00e9licatement, du bout des l\u00e8vres. M\u00e9fiante. Il [&hellip;]<\/p>\n","protected":false},"author":1,"featured_media":0,"parent":0,"menu_order":0,"comment_status":"closed","ping_status":"closed","template":"","meta":{"footnotes":""},"class_list":["post-354","page","type-page","status-publish","hentry"],"_links":{"self":[{"href":"https:\/\/marionpolice.press\/index.php?rest_route=\/wp\/v2\/pages\/354","targetHints":{"allow":["GET"]}}],"collection":[{"href":"https:\/\/marionpolice.press\/index.php?rest_route=\/wp\/v2\/pages"}],"about":[{"href":"https:\/\/marionpolice.press\/index.php?rest_route=\/wp\/v2\/types\/page"}],"author":[{"embeddable":true,"href":"https:\/\/marionpolice.press\/index.php?rest_route=\/wp\/v2\/users\/1"}],"replies":[{"embeddable":true,"href":"https:\/\/marionpolice.press\/index.php?rest_route=%2Fwp%2Fv2%2Fcomments&post=354"}],"version-history":[{"count":33,"href":"https:\/\/marionpolice.press\/index.php?rest_route=\/wp\/v2\/pages\/354\/revisions"}],"predecessor-version":[{"id":423,"href":"https:\/\/marionpolice.press\/index.php?rest_route=\/wp\/v2\/pages\/354\/revisions\/423"}],"wp:attachment":[{"href":"https:\/\/marionpolice.press\/index.php?rest_route=%2Fwp%2Fv2%2Fmedia&parent=354"}],"curies":[{"name":"wp","href":"https:\/\/api.w.org\/{rel}","templated":true}]}}