{"id":346,"date":"2024-12-12T16:24:04","date_gmt":"2024-12-12T15:24:04","guid":{"rendered":"https:\/\/marionpolice.press\/?page_id=346"},"modified":"2024-12-13T11:10:44","modified_gmt":"2024-12-13T10:10:44","slug":"histoires","status":"publish","type":"page","link":"https:\/\/marionpolice.press\/?page_id=346","title":{"rendered":"Histoires"},"content":{"rendered":"\n<div class=\"wp-block-group alignfull is-style-section-1 has-global-padding is-layout-constrained wp-block-group-is-layout-constrained is-style-section-1--1\" style=\"margin-top:0;margin-bottom:0;padding-top:var(--wp--preset--spacing--80);padding-bottom:var(--wp--preset--spacing--80)\">\n<div class=\"wp-block-columns alignwide is-layout-flex wp-container-core-columns-is-layout-66fad18a wp-block-columns-is-layout-flex\">\n<div class=\"wp-block-column is-layout-flow wp-block-column-is-layout-flow\" style=\"padding-right:var(--wp--preset--spacing--50);flex-basis:45%\">\n<figure class=\"wp-block-image size-full\"><a href=\"https:\/\/marionpolice.press\/?page_id=354\"><img loading=\"lazy\" decoding=\"async\" width=\"1616\" height=\"1080\" src=\"https:\/\/marionpolice.press\/wp-content\/uploads\/2024\/12\/unnamed.jpg\" alt=\"\" class=\"wp-image-347\" srcset=\"https:\/\/marionpolice.press\/wp-content\/uploads\/2024\/12\/unnamed.jpg 1616w, https:\/\/marionpolice.press\/wp-content\/uploads\/2024\/12\/unnamed-300x200.jpg 300w, https:\/\/marionpolice.press\/wp-content\/uploads\/2024\/12\/unnamed-1024x684.jpg 1024w, https:\/\/marionpolice.press\/wp-content\/uploads\/2024\/12\/unnamed-768x513.jpg 768w, https:\/\/marionpolice.press\/wp-content\/uploads\/2024\/12\/unnamed-1536x1027.jpg 1536w\" sizes=\"auto, (max-width: 1616px) 100vw, 1616px\" \/><\/a><\/figure>\n\n\n\n<div class=\"wp-block-group has-global-padding is-layout-constrained wp-block-group-is-layout-constrained\" style=\"margin-top:-12vw\"><\/div>\n<\/div>\n\n\n\n<div class=\"wp-block-column is-vertically-aligned-center is-layout-flow wp-block-column-is-layout-flow\" style=\"padding-right:0;padding-left:0;flex-basis:50%\">\n<div class=\"wp-block-group is-vertical is-layout-flex wp-container-core-group-is-layout-fe9cc265 wp-block-group-is-layout-flex\">\n<p><\/p>\n\n\n\n<p class=\"is-style-text-subtitle is-style-text-subtitle--2\">Journal de cheval<\/p>\n\n\n\n<p>C\u2019est \u00e9trange de choisir un animal comme une fringue dans un catalogue. De l\u2019\u00e9tudier sous toutes les coutures avant m\u00eame de l\u2019avoir vu bouger, de l\u2019avoir senti, touch\u00e9. Il para\u00eet que des gens ach\u00e8tent sur photo. C\u2019est m\u00eame courant. S\u2019\u00e9tonne-t-on, alors, de savoir que beaucoup revendent quelques ann\u00e9es plus tard, ou se plaignent du service apr\u00e8s vente? Le cheval (ou le chien, le chat, le hamster&#8230;) \u2013 un bien de consommation comme un autre? <\/p>\n\n\n\n<p><a href=\"https:\/\/marionpolice.press\/?page_id=354\" data-type=\"page\" data-id=\"354\">Lire la suite<\/a><\/p>\n<\/div>\n<\/div>\n<\/div>\n<\/div>\n\n\n\n<div class=\"wp-block-group alignfull has-global-padding is-layout-constrained wp-container-core-group-is-layout-ebee8dc1 wp-block-group-is-layout-constrained\" style=\"margin-top:0;margin-bottom:0;padding-top:var(--wp--preset--spacing--50);padding-bottom:var(--wp--preset--spacing--50)\">\n<h2 class=\"wp-block-heading alignwide\"><\/h2>\n\n\n\n<div class=\"wp-block-columns alignwide is-layout-flex wp-container-core-columns-is-layout-28f84493 wp-block-columns-is-layout-flex\">\n<div class=\"wp-block-column is-layout-flow wp-block-column-is-layout-flow\">\n<figure class=\"wp-block-image size-full\" style=\"margin-bottom:24px\"><a href=\"https:\/\/marionpolice.press\/?page_id=389\"><img loading=\"lazy\" decoding=\"async\" width=\"2560\" height=\"1707\" src=\"http:\/\/marionpolice.press\/wp-content\/uploads\/2023\/07\/normandie12-scaled.jpg\" alt=\"\" class=\"wp-image-191\" style=\"aspect-ratio:4\/3;object-fit:cover\" srcset=\"https:\/\/marionpolice.press\/wp-content\/uploads\/2023\/07\/normandie12-scaled.jpg 2560w, https:\/\/marionpolice.press\/wp-content\/uploads\/2023\/07\/normandie12-300x200.jpg 300w, https:\/\/marionpolice.press\/wp-content\/uploads\/2023\/07\/normandie12-1024x683.jpg 1024w, https:\/\/marionpolice.press\/wp-content\/uploads\/2023\/07\/normandie12-768x512.jpg 768w, https:\/\/marionpolice.press\/wp-content\/uploads\/2023\/07\/normandie12-1536x1024.jpg 1536w, https:\/\/marionpolice.press\/wp-content\/uploads\/2023\/07\/normandie12-2048x1365.jpg 2048w\" sizes=\"auto, (max-width: 2560px) 100vw, 2560px\" \/><\/a><\/figure>\n\n\n\n<h3 class=\"wp-block-heading\"><a href=\"https:\/\/marionpolice.press\/?page_id=389\">Notes en rail<\/a><\/h3>\n\n\n\n<p class=\"has-medium-font-size\">Bribes d\u2019ici et d\u2019ailleurs, observations au fil du train, gribouillis de mots dans un coin de l\u2019application \u201cnotes\u201d.<\/p>\n<\/div>\n\n\n\n<div class=\"wp-block-column is-layout-flow wp-block-column-is-layout-flow\">\n<figure class=\"wp-block-image size-full\" style=\"margin-bottom:24px\"><img loading=\"lazy\" decoding=\"async\" width=\"2560\" height=\"1707\" src=\"http:\/\/marionpolice.press\/wp-content\/uploads\/2023\/07\/aosta-61-1-scaled.jpg\" alt=\"\" class=\"wp-image-40\" style=\"aspect-ratio:4\/3;object-fit:cover\" srcset=\"https:\/\/marionpolice.press\/wp-content\/uploads\/2023\/07\/aosta-61-1-scaled.jpg 2560w, https:\/\/marionpolice.press\/wp-content\/uploads\/2023\/07\/aosta-61-1-300x200.jpg 300w, https:\/\/marionpolice.press\/wp-content\/uploads\/2023\/07\/aosta-61-1-1024x683.jpg 1024w, https:\/\/marionpolice.press\/wp-content\/uploads\/2023\/07\/aosta-61-1-768x512.jpg 768w, https:\/\/marionpolice.press\/wp-content\/uploads\/2023\/07\/aosta-61-1-1536x1024.jpg 1536w, https:\/\/marionpolice.press\/wp-content\/uploads\/2023\/07\/aosta-61-1-2048x1365.jpg 2048w\" sizes=\"auto, (max-width: 2560px) 100vw, 2560px\" \/><\/figure>\n\n\n\n<h3 class=\"wp-block-heading\">Caravane<\/h3>\n\n\n\n<p class=\"has-medium-font-size\">Loading<\/p>\n<\/div>\n\n\n\n<div class=\"wp-block-column is-layout-flow wp-block-column-is-layout-flow\">\n<figure class=\"wp-block-image size-full\" style=\"margin-bottom:24px\"><img loading=\"lazy\" decoding=\"async\" width=\"2560\" height=\"1707\" src=\"http:\/\/marionpolice.press\/wp-content\/uploads\/2023\/07\/forclazvs27-scaled.jpg\" alt=\"\" class=\"wp-image-164\" style=\"aspect-ratio:4\/3;object-fit:cover\" srcset=\"https:\/\/marionpolice.press\/wp-content\/uploads\/2023\/07\/forclazvs27-scaled.jpg 2560w, https:\/\/marionpolice.press\/wp-content\/uploads\/2023\/07\/forclazvs27-300x200.jpg 300w, https:\/\/marionpolice.press\/wp-content\/uploads\/2023\/07\/forclazvs27-1024x683.jpg 1024w, https:\/\/marionpolice.press\/wp-content\/uploads\/2023\/07\/forclazvs27-768x512.jpg 768w, https:\/\/marionpolice.press\/wp-content\/uploads\/2023\/07\/forclazvs27-1536x1024.jpg 1536w, https:\/\/marionpolice.press\/wp-content\/uploads\/2023\/07\/forclazvs27-2048x1365.jpg 2048w\" sizes=\"auto, (max-width: 2560px) 100vw, 2560px\" \/><\/figure>\n\n\n\n<h3 class=\"wp-block-heading\">Droit en Bas (extraits)<\/h3>\n\n\n\n<p class=\"has-medium-font-size\">Loading<\/p>\n<\/div>\n<\/div>\n<\/div>\n\n\n\n<p><\/p>\n","protected":false},"excerpt":{"rendered":"<p>Journal de cheval C\u2019est \u00e9trange de choisir un animal comme une fringue dans un catalogue. De l\u2019\u00e9tudier sous toutes les coutures avant m\u00eame de l\u2019avoir vu bouger, de l\u2019avoir senti, touch\u00e9. Il para\u00eet que des gens ach\u00e8tent sur photo. C\u2019est m\u00eame courant. S\u2019\u00e9tonne-t-on, alors, de savoir que beaucoup revendent quelques ann\u00e9es plus tard, ou se [&hellip;]<\/p>\n","protected":false},"author":1,"featured_media":0,"parent":0,"menu_order":0,"comment_status":"closed","ping_status":"closed","template":"","meta":{"footnotes":""},"class_list":["post-346","page","type-page","status-publish","hentry"],"_links":{"self":[{"href":"https:\/\/marionpolice.press\/index.php?rest_route=\/wp\/v2\/pages\/346","targetHints":{"allow":["GET"]}}],"collection":[{"href":"https:\/\/marionpolice.press\/index.php?rest_route=\/wp\/v2\/pages"}],"about":[{"href":"https:\/\/marionpolice.press\/index.php?rest_route=\/wp\/v2\/types\/page"}],"author":[{"embeddable":true,"href":"https:\/\/marionpolice.press\/index.php?rest_route=\/wp\/v2\/users\/1"}],"replies":[{"embeddable":true,"href":"https:\/\/marionpolice.press\/index.php?rest_route=%2Fwp%2Fv2%2Fcomments&post=346"}],"version-history":[{"count":10,"href":"https:\/\/marionpolice.press\/index.php?rest_route=\/wp\/v2\/pages\/346\/revisions"}],"predecessor-version":[{"id":401,"href":"https:\/\/marionpolice.press\/index.php?rest_route=\/wp\/v2\/pages\/346\/revisions\/401"}],"wp:attachment":[{"href":"https:\/\/marionpolice.press\/index.php?rest_route=%2Fwp%2Fv2%2Fmedia&parent=346"}],"curies":[{"name":"wp","href":"https:\/\/api.w.org\/{rel}","templated":true}]}}