{"id":16,"date":"2023-07-13T11:46:01","date_gmt":"2023-07-13T09:46:01","guid":{"rendered":"https:\/\/marionpolice.press\/?page_id=16"},"modified":"2026-01-05T10:03:48","modified_gmt":"2026-01-05T09:03:48","slug":"accueil","status":"publish","type":"page","link":"https:\/\/marionpolice.press\/","title":{"rendered":"Bienvenue"},"content":{"rendered":"\n<div class=\"wp-block-group alignfull has-global-padding is-layout-constrained wp-block-group-is-layout-constrained\">\n<h3 class=\"wp-block-heading has-text-align-left\">Moi c&#8217;est Marion <\/h3>\n\n\n\n<p>Je suis journaliste, mais pas que. <\/p>\n\n\n\n<p>J&#8217;aime raconter des histoires, des histoires que j&#8217;invente, et d&#8217;autres que je croise tous les jours. Celles de gens comme vous et moi qui ignorent souvent qu&#8217;\u00e0 leur mani\u00e8re, ils et elles sont extraordinaires.<\/p>\n\n\n\n<p>*<em>Cette ann\u00e9e, je suis partie avec mon compagnon pour 8 mois de marche. Vous pouvez retrouver cette aventure en mots sur<a href=\"http:\/\/marionpolice.substack.com\" data-type=\"link\" data-id=\"marionpolice.substack.com\"> &#8220;A Rebours&#8221; <\/a>, ma newsletter Substack. C&#8217;est gratuit!<\/em>*<\/p>\n<\/div>\n\n\n\n<figure class=\"wp-block-gallery has-nested-images columns-default is-cropped wp-block-gallery-1 is-layout-flex wp-block-gallery-is-layout-flex\">\n<figure class=\"wp-block-image size-large\"><img loading=\"lazy\" decoding=\"async\" width=\"768\" height=\"1024\" data-id=\"413\" src=\"https:\/\/marionpolice.press\/wp-content\/uploads\/2024\/12\/unnamed-2-1-768x1024.jpg\" alt=\"\" class=\"wp-image-413\" srcset=\"https:\/\/marionpolice.press\/wp-content\/uploads\/2024\/12\/unnamed-2-1-768x1024.jpg 768w, https:\/\/marionpolice.press\/wp-content\/uploads\/2024\/12\/unnamed-2-1-225x300.jpg 225w, https:\/\/marionpolice.press\/wp-content\/uploads\/2024\/12\/unnamed-2-1-1152x1536.jpg 1152w, https:\/\/marionpolice.press\/wp-content\/uploads\/2024\/12\/unnamed-2-1.jpg 1536w\" sizes=\"auto, (max-width: 768px) 100vw, 768px\" \/><\/figure>\n\n\n\n<figure class=\"wp-block-image size-large\"><img loading=\"lazy\" decoding=\"async\" width=\"768\" height=\"1024\" data-id=\"443\" src=\"https:\/\/marionpolice.press\/wp-content\/uploads\/2026\/01\/photo_portrait2MP-768x1024.jpeg\" alt=\"\" class=\"wp-image-443\" srcset=\"https:\/\/marionpolice.press\/wp-content\/uploads\/2026\/01\/photo_portrait2MP-768x1024.jpeg 768w, https:\/\/marionpolice.press\/wp-content\/uploads\/2026\/01\/photo_portrait2MP-225x300.jpeg 225w, https:\/\/marionpolice.press\/wp-content\/uploads\/2026\/01\/photo_portrait2MP-1152x1536.jpeg 1152w, https:\/\/marionpolice.press\/wp-content\/uploads\/2026\/01\/photo_portrait2MP.jpeg 1200w\" sizes=\"auto, (max-width: 768px) 100vw, 768px\" \/><figcaption class=\"wp-element-caption\"><em>\u00a9<\/em>FlorenceZufferey<\/figcaption><\/figure>\n\n\n\n<figure class=\"wp-block-image size-large\"><img loading=\"lazy\" decoding=\"async\" width=\"1024\" height=\"768\" data-id=\"410\" src=\"https:\/\/marionpolice.press\/wp-content\/uploads\/2024\/12\/unnamed-2-1024x768.jpg\" alt=\"\" class=\"wp-image-410\" srcset=\"https:\/\/marionpolice.press\/wp-content\/uploads\/2024\/12\/unnamed-2-1024x768.jpg 1024w, https:\/\/marionpolice.press\/wp-content\/uploads\/2024\/12\/unnamed-2-300x225.jpg 300w, https:\/\/marionpolice.press\/wp-content\/uploads\/2024\/12\/unnamed-2-768x576.jpg 768w, https:\/\/marionpolice.press\/wp-content\/uploads\/2024\/12\/unnamed-2-1536x1152.jpg 1536w, https:\/\/marionpolice.press\/wp-content\/uploads\/2024\/12\/unnamed-2.jpg 2048w\" sizes=\"auto, (max-width: 1024px) 100vw, 1024px\" \/><\/figure>\n<\/figure>\n\n\n\n<p><\/p>\n","protected":false},"excerpt":{"rendered":"<p>Moi c&#8217;est Marion Je suis journaliste, mais pas que. J&#8217;aime raconter des histoires, des histoires que j&#8217;invente, et d&#8217;autres que je croise tous les jours. Celles de gens comme vous et moi qui ignorent souvent qu&#8217;\u00e0 leur mani\u00e8re, ils et elles sont extraordinaires. *Cette ann\u00e9e, je suis partie avec mon compagnon pour 8 mois de [&hellip;]<\/p>\n","protected":false},"author":1,"featured_media":0,"parent":0,"menu_order":0,"comment_status":"closed","ping_status":"closed","template":"","meta":{"footnotes":""},"class_list":["post-16","page","type-page","status-publish","hentry"],"_links":{"self":[{"href":"https:\/\/marionpolice.press\/index.php?rest_route=\/wp\/v2\/pages\/16","targetHints":{"allow":["GET"]}}],"collection":[{"href":"https:\/\/marionpolice.press\/index.php?rest_route=\/wp\/v2\/pages"}],"about":[{"href":"https:\/\/marionpolice.press\/index.php?rest_route=\/wp\/v2\/types\/page"}],"author":[{"embeddable":true,"href":"https:\/\/marionpolice.press\/index.php?rest_route=\/wp\/v2\/users\/1"}],"replies":[{"embeddable":true,"href":"https:\/\/marionpolice.press\/index.php?rest_route=%2Fwp%2Fv2%2Fcomments&post=16"}],"version-history":[{"count":32,"href":"https:\/\/marionpolice.press\/index.php?rest_route=\/wp\/v2\/pages\/16\/revisions"}],"predecessor-version":[{"id":446,"href":"https:\/\/marionpolice.press\/index.php?rest_route=\/wp\/v2\/pages\/16\/revisions\/446"}],"wp:attachment":[{"href":"https:\/\/marionpolice.press\/index.php?rest_route=%2Fwp%2Fv2%2Fmedia&parent=16"}],"curies":[{"name":"wp","href":"https:\/\/api.w.org\/{rel}","templated":true}]}}