{"id":14,"date":"2023-07-13T11:32:34","date_gmt":"2023-07-13T09:32:34","guid":{"rendered":"https:\/\/marionpolice.press\/?page_id=14"},"modified":"2025-11-12T18:32:21","modified_gmt":"2025-11-12T17:32:21","slug":"camera","status":"publish","type":"page","link":"https:\/\/marionpolice.press\/?page_id=14","title":{"rendered":"Cam\u00e9ra"},"content":{"rendered":"\n<h3 class=\"wp-block-heading\">Documentaires<\/h3>\n\n\n\n<h3 class=\"wp-block-heading has-text-align-right\"><strong>La Toison dort <\/strong><\/h3>\n\n\n\n<div class=\"wp-block-media-text alignwide is-stacked-on-mobile is-image-fill-element\" style=\"grid-template-columns:48% auto\"><figure class=\"wp-block-media-text__media\"><img loading=\"lazy\" decoding=\"async\" width=\"724\" height=\"1024\" src=\"https:\/\/marionpolice.press\/wp-content\/uploads\/2024\/01\/LA-TOISON-DORT-1-724x1024.png\" alt=\"\" class=\"wp-image-276 size-full\" style=\"object-position:60% 92%\" srcset=\"https:\/\/marionpolice.press\/wp-content\/uploads\/2024\/01\/LA-TOISON-DORT-1-724x1024.png 724w, https:\/\/marionpolice.press\/wp-content\/uploads\/2024\/01\/LA-TOISON-DORT-1-212x300.png 212w, https:\/\/marionpolice.press\/wp-content\/uploads\/2024\/01\/LA-TOISON-DORT-1-768x1086.png 768w, https:\/\/marionpolice.press\/wp-content\/uploads\/2024\/01\/LA-TOISON-DORT-1-1086x1536.png 1086w, https:\/\/marionpolice.press\/wp-content\/uploads\/2024\/01\/LA-TOISON-DORT-1-1448x2048.png 1448w, https:\/\/marionpolice.press\/wp-content\/uploads\/2024\/01\/LA-TOISON-DORT-1-1568x2218.png 1568w, https:\/\/marionpolice.press\/wp-content\/uploads\/2024\/01\/LA-TOISON-DORT-1.png 1587w\" sizes=\"auto, (max-width: 724px) 100vw, 724px\" \/><\/figure><div class=\"wp-block-media-text__content\">\n<p class=\"has-extra-small-font-size\">Il \u00e9tait une fois une industrie laini\u00e8re dite \u00ab&nbsp;du drap&nbsp;\u00bb fructueuse en Suisse. La laine servait \u00e0 de nombreux usages, notamment pour les v\u00eatements militaires. Une centrale laini\u00e8re collectait la mati\u00e8re de tous les cheptels du pays et s\u2019occupait de la valoriser en fonction de ses diff\u00e9rentes qualit\u00e9s. Mais patatra&nbsp;! La mondialisation arrive et avec elle, non-seulement des prix plus bas pour de la laine \u00e0 l\u2019importation, mais surtout des textiles synth\u00e9tiques tr\u00e8s peu co\u00fbteux.<\/p>\n\n\n\n<p class=\"has-extra-small-font-size\">Valoriser la laine est devenu trop cher et trop peu comp\u00e9titif. Les savoirs-faire s\u2019envolent tandis que le textile animal se vend en moyenne 20 \u00e0 50 centimes le kilo. <strong>Mais un mouvement s\u2019est mis en marche. <\/strong>Un mouvement silencieux et h\u00e9t\u00e9roclite compos\u00e9 de femmes et d\u2019hommes qui entendent redonner sa noblesse \u00e0 la laine, faire revivre les savoirs qui en d\u00e9coulent, et inscrire le mouton en v\u00e9ritable acteur du territoire. Le symbole d\u2019une marche vers un mode de vie en symbiose avec l\u2019environnement.<\/p>\n\n\n\n<p class=\"has-extra-small-font-size\">Apr\u00e8s plusieurs projections en Suisse romande, La Toison Dort a \u00e9t\u00e9 (re) s\u00e9lectionn\u00e9 pour<strong> l&#8217;\u00e9dition 2025<\/strong> du <a href=\"https:\/\/www.festivaldufilmvert.ch\/fr\">Festival du Film Vert<\/a> \u00e0 Monthey et Fribourg. <\/p>\n\n\n\n<p class=\"has-extra-small-font-size\"><strong>Le film est d\u00e9sormais disponible en libre acc\u00e8s <a href=\"https:\/\/www.youtube.com\/watch?v=kUpwHH9EryY\">sur YouTube<\/a>.<\/strong><\/p>\n\n\n\n<p class=\"has-extra-small-font-size\">Pour plus d&#8217;informations \u00e0 son sujet, rendez-vous sur la<a href=\"https:\/\/www.facebook.com\/profile.php?id=61553726503745\"> page Facebook d\u00e9di\u00e9e<\/a>. <br><\/p>\n\n\n\n<p><\/p>\n<\/div><\/div>\n\n\n\n<hr class=\"wp-block-separator has-alpha-channel-opacity\"\/>\n\n\n\n<h3 class=\"wp-block-heading has-text-align-right\"><strong>Belair<\/strong><\/h3>\n\n\n\n<h3 class=\"wp-block-heading has-text-align-right\"><strong> <\/strong><\/h3>\n\n\n\n<div class=\"wp-block-media-text alignwide is-stacked-on-mobile\"><figure class=\"wp-block-media-text__media\"><img loading=\"lazy\" decoding=\"async\" width=\"1024\" height=\"606\" src=\"https:\/\/marionpolice.press\/wp-content\/uploads\/2024\/09\/Capture-decran-2024-09-11-a-18.31.18-1-1024x606.png\" alt=\"\" class=\"wp-image-291 size-full\" srcset=\"https:\/\/marionpolice.press\/wp-content\/uploads\/2024\/09\/Capture-decran-2024-09-11-a-18.31.18-1-1024x606.png 1024w, https:\/\/marionpolice.press\/wp-content\/uploads\/2024\/09\/Capture-decran-2024-09-11-a-18.31.18-1-300x177.png 300w, https:\/\/marionpolice.press\/wp-content\/uploads\/2024\/09\/Capture-decran-2024-09-11-a-18.31.18-1-768x454.png 768w, https:\/\/marionpolice.press\/wp-content\/uploads\/2024\/09\/Capture-decran-2024-09-11-a-18.31.18-1.png 1263w\" sizes=\"auto, (max-width: 1024px) 100vw, 1024px\" \/><\/figure><div class=\"wp-block-media-text__content\">\n<p>Belair, c&#8217;est un hommage \u00e0 un lieu particulier et \u00e0 ses habitants &#8211; humains, animaux, v\u00e9g\u00e9taux. C&#8217;est aussi une ode \u00e0 l&#8217;instant pr\u00e9sent et \u00e0 la recherche d&#8217;une \u00e9quitation fine, l\u00e9g\u00e8re, qui se fait trop rare. Un petit film r\u00e9alis\u00e9 \u00e0 la demande de <a href=\"https:\/\/bernardpeigne.wordpress.com\/\">Bernard Peign\u00e9<\/a>, mais avouons-le, l&#8217;id\u00e9e nous <em>trottait <\/em>dans la t\u00eate depuis longtemps.<\/p>\n\n\n\n<p><strong>A voir <a href=\"https:\/\/www.youtube.com\/watch?v=m4cfQJV6K3E\" data-type=\"link\" data-id=\"https:\/\/vimeo.com\/916225633?tq=&amp;fbclid=IwY2xjawFOpN5leHRuA2FlbQIxMQABHc3iQqWXByXAGNLpQHmew7iSiMSkJE-rb-SA4wFueJSSky9omR17dqz5yA_aem_roDCJOzBLJvQU8ryOvnXCA&amp;turnstile=0.9Ey-t9kvTqCfOXSQhyuDBkdy__aNMNrfp0FhbEhgwcReFwxZBxIXTYBH90NrhlCv91xPbGKTUxwX1VrqNwMHaMc4UBhCRjI9nXUQefjaQop2oWplbJvQRasAG9AElEhz9YAbtubIvMk37CeFjVhd6jERf7ynsEkqSn2Qy4a3qFiHoN7ttWgyExwGw5H-DR4qjJiYuDzcsuyw5d-E-MW8QWPJoUYjGQ7IYfa4Ia1LqdIj1eha2XGr_v4OGAFIG9fjyb-MOfXEodvIoMUuOX7yrrnnD-0vuV8TqYukqciNqOzEy7o5meQ0zUfLQhoPg3rSCuNFjUK71fnIjS1-MrPqg1FzF8DdflvUDaaY1IT_coVxh7bUAQ9aowg5IRUJF0gGLfUgX4ewvni46Lk9h1HiGLpDZ7Kry_lGQAjjnmJW3GUDHkmWVoufYDg7vglKFiMqlMmoWUf9xyvPe14PRvAaEfo1dWR41Uusf8XKhIQmWmzI91RQ5uZLIG0W6kIgF-lZtUa9ajlyTRel4olc51u-oU9sUJwbeZAXbO9iAKeO6NdJDAIfj8J07VGdqwwoNt5ZxuvaNqwmHeCT-wmhKJ5Segmw2ZEtwlsElLLYcRyLcO-Wj6pxtTaIueo1nTMVUhTdGBslkwPUbwCO83OPpPsfdBj9bMTVZfG4xFjshgCXuTYTaEpCQTB50szZOZUCtcsHyhNulR100SoPRD5cm2pqYO_gZ2KQaKs0Va8EDOKP8qk.UgzkJOCmGvfnK3IpypME2g.13a608d8f5369d8140764f4edba457afa36105463e447a2a5dfdfe21a38202af#t=356#t=356\">ici.<\/a><\/strong><\/p>\n<\/div><\/div>\n\n\n\n<hr class=\"wp-block-separator has-alpha-channel-opacity\"\/>\n\n\n\n<p><\/p>\n\n\n\n<h3 class=\"wp-block-heading has-text-align-right\"><strong>L&#8217;\u00e9galit\u00e9 (g)r\u00eav\u00e9e<\/strong><\/h3>\n\n\n\n<div class=\"wp-block-media-text alignwide is-stacked-on-mobile\" style=\"grid-template-columns:48% auto\"><figure class=\"wp-block-media-text__media\"><img loading=\"lazy\" decoding=\"async\" width=\"789\" height=\"410\" src=\"https:\/\/marionpolice.press\/wp-content\/uploads\/2023\/07\/Capture-decran-2023-07-13-a-15.05.22.png\" alt=\"\" class=\"wp-image-131 size-full\" srcset=\"https:\/\/marionpolice.press\/wp-content\/uploads\/2023\/07\/Capture-decran-2023-07-13-a-15.05.22.png 789w, https:\/\/marionpolice.press\/wp-content\/uploads\/2023\/07\/Capture-decran-2023-07-13-a-15.05.22-300x156.png 300w, https:\/\/marionpolice.press\/wp-content\/uploads\/2023\/07\/Capture-decran-2023-07-13-a-15.05.22-768x399.png 768w\" sizes=\"auto, (max-width: 789px) 100vw, 789px\" \/><\/figure><div class=\"wp-block-media-text__content\">\n<p class=\"has-extra-small-font-size\">Le 14 juin 2019, un demi-million de personnes affluaient dans toutes les rues de Suisse pour la premi\u00e8re gr\u00e8ve des femmes*\/ gr\u00e8ve f\u00e9ministe depuis 1991, 38 ans apr\u00e8s l\u2019inscription de l\u2019\u00e9galit\u00e9 dans la Constitution. Elles \u00e9taient 12\u2019000 \u00e0 Sion. Leurs buts: r\u00e9clamer l\u2019\u00e9galit\u00e9 dans les domaines o\u00f9 elle n\u2019\u00e9tait pas encore appliqu\u00e9e (salaires, travail gratuit, violences sexistes et sexuelles).<\/p>\n\n\n\n<p class=\"has-extra-small-font-size\"> 4 ans et une pand\u00e9mie plus tard, une nouvelle gr\u00e8ve nationale se pr\u00e9pare. R\u00e9unissant plusieurs personnalit\u00e9s valaisannes, ce film entend questionner quels aspects de ces revendications ont \u00e9t\u00e9 entendus et lesquels restent \u00e0 travailler pour parvenir \u00e0 l\u2019\u00e9galit\u00e9.<\/p>\n\n\n\n<p class=\"has-extra-small-font-size\">Production &amp; Diffusion: Canal9\/Kanal9. R\u00e9alisation, montage, graphisme: Fanny Gex<\/p>\n\n\n\n<p class=\"has-extra-small-font-size\"><strong>Visionner <a href=\"https:\/\/canal9.ch\/fr\/legalite-grevee\/\" data-type=\"URL\" data-id=\"https:\/\/canal9.ch\/fr\/legalite-grevee\/\">ici.<\/a><\/strong><\/p>\n<\/div><\/div>\n\n\n\n<hr class=\"wp-block-separator has-alpha-channel-opacity\"\/>\n\n\n\n<h2 class=\"wp-block-heading\">Reportages<\/h2>\n\n\n\n<p>Liens vers quelques reportages marquants r\u00e9alis\u00e9s pour Canal9  <\/p>\n\n\n\n<p><a href=\"https:\/\/canal9.ch\/fr\/octobre-rose-un-mois-de-campagne-de-sensibilisation-au-depistage-du-cancer-du-sein\/\">Octobre rose: tatouage gratuit de l&#8217;ar\u00e9ole <\/a><\/p>\n\n\n\n<p><a href=\"https:\/\/canal9.ch\/fr\/illettrisme-un-cours-specifique-sur-la-sante\/\">Illettrisme: un cours sp\u00e9cifique sur la sant\u00e9<\/a><\/p>\n\n\n\n<p><a href=\"https:\/\/canal9.ch\/fr\/manque-de-releve-chez-les-veterinaires-ruraux\/\">Manque de rel\u00e8ve chez les v\u00e9t\u00e9rinaires ruraux<\/a><\/p>\n\n\n\n<p><a href=\"https:\/\/canal9.ch\/fr\/ma-saison-en-valais-marion-monier-a-la-sage\/\">Ma saison en Valais: portrait de Marion Monier, \u00e0 La Sage<\/a><\/p>\n\n\n\n<p><a href=\"https:\/\/canal9.ch\/fr\/isabelle-gabioud-la-fee-des-plantes-medicinales\/\">Isabelle Gabioud, f\u00e9e des plantes m\u00e9dicinales <\/a><\/p>\n\n\n\n<p><a href=\"https:\/\/canal9.ch\/fr\/25-novembre-les-seniors-oubliees-des-violences-conjugales\/\">Les seniors, oubli\u00e9es des violences conjugales<\/a><\/p>\n\n\n\n<p><a href=\"https:\/\/canal9.ch\/fr\/la-chute-du-regime-al-assad-entre-bonheur-et-incertitudes-pour-les-familles-syriennes-du-valais\/\">La chute du r\u00e9gime al-Assad, entre bonheur et incertitudes pour les familles syriennes<\/a><\/p>\n\n\n\n<p><a href=\"https:\/\/canal9.ch\/fr\/la-langue-des-signes-en-passe-detre-reconnue\/\">La langue des signes en passe d&#8217;\u00eatre reconnue<\/a><\/p>\n\n\n\n<p><a href=\"https:\/\/canal9.ch\/fr\/une-classe-de-st-guerin-volontaire-en-montagne\/\">Une classe de St-Gu\u00e9rin volontaire en montagne<\/a><\/p>\n\n\n\n<p><a href=\"https:\/\/canal9.ch\/fr\/la-sage-a-marlene-sa-bonne-fee\/\">La Sage a Marl\u00e8ne sa bonne f\u00e9e<\/a><\/p>\n\n\n\n<p><a href=\"https:\/\/canal9.ch\/fr\/climat-des-scientifiques-au-sommet-pour-etudier-la-flore-alpine\/\">Climat: des scientifiques au sommet pour \u00e9tudier la flore alpine<\/a><\/p>\n\n\n\n<p><\/p>\n","protected":false},"excerpt":{"rendered":"<p>Documentaires La Toison dort Il \u00e9tait une fois une industrie laini\u00e8re dite \u00ab&nbsp;du drap&nbsp;\u00bb fructueuse en Suisse. La laine servait \u00e0 de nombreux usages, notamment pour les v\u00eatements militaires. Une centrale laini\u00e8re collectait la mati\u00e8re de tous les cheptels du pays et s\u2019occupait de la valoriser en fonction de ses diff\u00e9rentes qualit\u00e9s. Mais patatra&nbsp;! La [&hellip;]<\/p>\n","protected":false},"author":1,"featured_media":0,"parent":0,"menu_order":0,"comment_status":"closed","ping_status":"closed","template":"","meta":{"footnotes":""},"class_list":["post-14","page","type-page","status-publish","hentry"],"_links":{"self":[{"href":"https:\/\/marionpolice.press\/index.php?rest_route=\/wp\/v2\/pages\/14","targetHints":{"allow":["GET"]}}],"collection":[{"href":"https:\/\/marionpolice.press\/index.php?rest_route=\/wp\/v2\/pages"}],"about":[{"href":"https:\/\/marionpolice.press\/index.php?rest_route=\/wp\/v2\/types\/page"}],"author":[{"embeddable":true,"href":"https:\/\/marionpolice.press\/index.php?rest_route=\/wp\/v2\/users\/1"}],"replies":[{"embeddable":true,"href":"https:\/\/marionpolice.press\/index.php?rest_route=%2Fwp%2Fv2%2Fcomments&post=14"}],"version-history":[{"count":20,"href":"https:\/\/marionpolice.press\/index.php?rest_route=\/wp\/v2\/pages\/14\/revisions"}],"predecessor-version":[{"id":438,"href":"https:\/\/marionpolice.press\/index.php?rest_route=\/wp\/v2\/pages\/14\/revisions\/438"}],"wp:attachment":[{"href":"https:\/\/marionpolice.press\/index.php?rest_route=%2Fwp%2Fv2%2Fmedia&parent=14"}],"curies":[{"name":"wp","href":"https:\/\/api.w.org\/{rel}","templated":true}]}}